{"id":498,"date":"2020-03-18T08:51:57","date_gmt":"2020-03-18T07:51:57","guid":{"rendered":"http:\/\/dapi.ch\/ecole\/?page_id=498"},"modified":"2025-08-19T22:19:46","modified_gmt":"2025-08-19T20:19:46","slug":"quelques-idees-dactivite","status":"publish","type":"page","link":"https:\/\/dapi.ch\/ecole\/","title":{"rendered":"Bienvenue !"},"content":{"rendered":"\n<h5>Cher.\u00e8re.s \u00e9l\u00e8ves, chers parents,<\/h5>\n<p>Nous vous souhaitons la bienvenue sur le site de la 6P\/252.<\/p>\n<p>Vous y trouverez un <a href=\"https:\/\/dapi.ch\/ecole\/category\/blog\/\"><strong>blog<\/strong><\/a> dont les articles sont \u00e9crits librement par les \u00e9l\u00e8ves. En cliquant sur les rubriques ci-dessous, vous acc\u00e9derez \u00e0 diff\u00e9rents articles qui illustrent ce que nous faisons en classe.<\/p>\n<p>\u00a0<\/p>\n<p>Valentin et David<\/p>\n\n\n\n<hr class=\"wp-block-separator has-css-opacity\"\/>\n\n\n\n<h2 class=\"wp-block-heading\">Derniers articles publi\u00e9s :<\/h2>\n\n\n<ul class=\"wp-block-latest-posts__list has-dates aligncenter wp-block-latest-posts\"><li><a class=\"wp-block-latest-posts__post-title\" href=\"https:\/\/dapi.ch\/ecole\/2026\/04\/02\/animation-edunum\/\">Animation EDUNUM<\/a><time datetime=\"2026-04-02T12:58:58+02:00\" class=\"wp-block-latest-posts__post-date\">2 avril 2026<\/time><\/li>\n<li><a class=\"wp-block-latest-posts__post-title\" href=\"https:\/\/dapi.ch\/ecole\/2026\/01\/28\/pronominalisation\/\">Pronominalisation<\/a><time datetime=\"2026-01-28T23:11:52+01:00\" class=\"wp-block-latest-posts__post-date\">28 janvier 2026<\/time><\/li>\n<li><a class=\"wp-block-latest-posts__post-title\" href=\"https:\/\/dapi.ch\/ecole\/2025\/11\/20\/ecoute-2025\/\">\u00c9coute 2025<\/a><time datetime=\"2025-11-20T12:48:56+01:00\" class=\"wp-block-latest-posts__post-date\">20 novembre 2025<\/time><\/li>\n<li><a class=\"wp-block-latest-posts__post-title\" href=\"https:\/\/dapi.ch\/ecole\/2025\/06\/23\/makeymakey-2025\/\">MakeyMakey 2025<\/a><time datetime=\"2025-06-23T14:13:44+02:00\" class=\"wp-block-latest-posts__post-date\">23 juin 2025<\/time><\/li>\n<li><a class=\"wp-block-latest-posts__post-title\" href=\"https:\/\/dapi.ch\/ecole\/2025\/06\/18\/leviers-les-balances\/\">Leviers : les balances<\/a><time datetime=\"2025-06-18T07:48:24+02:00\" class=\"wp-block-latest-posts__post-date\">18 juin 2025<\/time><\/li>\n<\/ul>\n\n\n<hr class=\"wp-block-separator has-css-opacity\"\/>\n\n\n\n<div class=\"wp-block-group alignwide\"><div class=\"wp-block-group__inner-container is-layout-flow wp-block-group-is-layout-flow\">\n<div class=\"wp-block-columns alignwide is-layout-flex wp-container-core-columns-is-layout-9d6595d7 wp-block-columns-is-layout-flex\">\n<div class=\"wp-block-column is-layout-flow wp-block-column-is-layout-flow\">\n<div class=\"wp-block-buttons is-horizontal is-content-justification-center is-layout-flex wp-container-core-buttons-is-layout-499968f5 wp-block-buttons-is-layout-flex\">\n<div class=\"wp-block-button is-style-outline is-style-outline--1\"><a class=\"wp-block-button__link has-text-color wp-element-button\" href=\"https:\/\/dapi.ch\/ecole\/category\/francais\/\" style=\"border-radius:50px;color:#ba0c49\">Fran\u00e7ais<\/a><\/div>\n<\/div>\n<\/div>\n\n\n\n<div class=\"wp-block-column is-layout-flow wp-block-column-is-layout-flow\">\n<div class=\"wp-block-buttons is-horizontal is-content-justification-center is-layout-flex wp-container-core-buttons-is-layout-499968f5 wp-block-buttons-is-layout-flex\">\n<div class=\"wp-block-button is-style-outline is-style-outline--2\"><a class=\"wp-block-button__link has-text-color wp-element-button\" href=\"https:\/\/dapi.ch\/ecole\/category\/maths\/\" style=\"border-radius:50px;color:#ba0c49\">Maths<\/a><\/div>\n<\/div>\n<\/div>\n\n\n\n<div class=\"wp-block-column is-layout-flow wp-block-column-is-layout-flow\">\n<div class=\"wp-block-buttons is-horizontal is-content-justification-center is-layout-flex wp-container-core-buttons-is-layout-499968f5 wp-block-buttons-is-layout-flex\">\n<div class=\"wp-block-button is-style-outline is-style-outline--3\"><a class=\"wp-block-button__link has-text-color wp-element-button\" href=\"https:\/\/dapi.ch\/ecole\/category\/deutsch\/\" style=\"border-radius:50px;color:#ba0c49\">Allemand<\/a><\/div>\n<\/div>\n<\/div>\n<\/div>\n\n\n<\/div><\/div>\n\n\n\n<div class=\"wp-block-group alignwide\"><div class=\"wp-block-group__inner-container is-layout-flow wp-block-group-is-layout-flow\">\n<div class=\"wp-block-columns alignwide is-layout-flex wp-container-core-columns-is-layout-9d6595d7 wp-block-columns-is-layout-flex\">\n<div class=\"wp-block-column is-layout-flow wp-block-column-is-layout-flow\">\n<div class=\"wp-block-buttons is-horizontal is-content-justification-center is-layout-flex wp-container-core-buttons-is-layout-499968f5 wp-block-buttons-is-layout-flex\">\n<div class=\"wp-block-button is-style-outline is-style-outline--4\"><a class=\"wp-block-button__link has-text-color wp-element-button\" href=\"https:\/\/dapi.ch\/ecole\/category\/sciences\/\" style=\"border-radius:50px;color:#ba0c49\">Sciences<\/a><\/div>\n<\/div>\n<\/div>\n\n\n\n<div class=\"wp-block-column is-layout-flow wp-block-column-is-layout-flow\">\n<div class=\"wp-block-buttons is-horizontal is-content-justification-center is-layout-flex wp-container-core-buttons-is-layout-499968f5 wp-block-buttons-is-layout-flex\">\n<div class=\"wp-block-button is-style-outline is-style-outline--5\"><a class=\"wp-block-button__link has-text-color wp-element-button\" href=\"https:\/\/dapi.ch\/ecole\/category\/geographie\/\" style=\"border-radius:50px;color:#ba0c49\">G\u00e9ographie<\/a><\/div>\n<\/div>\n<\/div>\n\n\n\n<div class=\"wp-block-column is-layout-flow wp-block-column-is-layout-flow\">\n<div class=\"wp-block-buttons is-horizontal is-content-justification-center is-layout-flex wp-container-core-buttons-is-layout-499968f5 wp-block-buttons-is-layout-flex\">\n<div class=\"wp-block-button is-style-outline is-style-outline--6\"><a class=\"wp-block-button__link has-text-color wp-element-button\" href=\"https:\/\/dapi.ch\/ecole\/category\/histoire\/\" style=\"border-radius:50px;color:#ba0c49\">Histoire<\/a><\/div>\n<\/div>\n<\/div>\n<\/div>\n<\/div><\/div>\n\n\n\n<div class=\"wp-block-group alignwide\"><div class=\"wp-block-group__inner-container is-layout-flow wp-block-group-is-layout-flow\">\n<div class=\"wp-block-columns alignwide is-layout-flex wp-container-core-columns-is-layout-9d6595d7 wp-block-columns-is-layout-flex\">\n<div class=\"wp-block-column is-layout-flow wp-block-column-is-layout-flow\">\n<div class=\"wp-block-buttons is-horizontal is-content-justification-center is-layout-flex wp-container-core-buttons-is-layout-499968f5 wp-block-buttons-is-layout-flex\">\n<div class=\"wp-block-button is-style-outline is-style-outline--7\"><a class=\"wp-block-button__link wp-element-button\" href=\"https:\/\/dapi.ch\/ecole\/category\/arts-visuels\/\" style=\"border-radius:50px\">Arts visuels<\/a><\/div>\n<\/div>\n<\/div>\n\n\n\n<div class=\"wp-block-column is-layout-flow wp-block-column-is-layout-flow\">\n<div class=\"wp-block-buttons is-horizontal is-content-justification-center is-layout-flex wp-container-core-buttons-is-layout-499968f5 wp-block-buttons-is-layout-flex\">\n<div class=\"wp-block-button is-style-outline is-style-outline--8\"><a class=\"wp-block-button__link has-text-color wp-element-button\" href=\"https:\/\/dapi.ch\/ecole\/category\/musique\/\" style=\"border-radius:50px;color:#ba0c49\">Musique<\/a><\/div>\n<\/div>\n<\/div>\n\n\n\n<div class=\"wp-block-column is-layout-flow wp-block-column-is-layout-flow\"><\/div>\n<\/div>\n<\/div><\/div>\n\n\n","protected":false},"excerpt":{"rendered":"Cher.\u00e8re.s \u00e9l\u00e8ves, chers parents, Nous vous souhaitons la bienvenue sur le site de la 6P\/252. Vous y trouverez un blog dont les articles sont \u00e9crits librement par les \u00e9l\u00e8ves. En cliquant sur les rubriques ci-dessous, vous acc\u00e9derez \u00e0 diff\u00e9rents articles qui illustrent ce que nous faisons en classe. \u00a0 Valentin et David Derniers articles publi\u00e9s [&hellip;]","protected":false},"author":1,"featured_media":0,"parent":0,"menu_order":0,"comment_status":"closed","ping_status":"closed","template":"templates\/template-full-width.php","meta":{"jetpack_post_was_ever_published":false,"footnotes":""},"class_list":["post-498","page","type-page","status-publish","hentry"],"jetpack_sharing_enabled":true,"jetpack_shortlink":"https:\/\/wp.me\/Pavgxe-82","jetpack-related-posts":[{"id":1074,"url":"https:\/\/dapi.ch\/ecole\/devinettes\/","url_meta":{"origin":498,"position":0},"title":"Devinettes","author":"David Piot","date":"26 ao\u00fbt 2020","format":false,"excerpt":"Voici une s\u00e9rie de devinettes. Mettez-vous d'accord \u00e0 deux sur la r\u00e9ponse. Gardez-l\u00e0 en t\u00eate ! 1. Tu participes \u00e0 une course cycliste. A un moment donn\u00e9, tu doubles le deuxi\u00e8me. Tu deviens... 2. Pierre met 10 minutes pour aller \u00e0 l'\u00e9cole. Combien de minutes mettra-t-il s'il y va avec\u2026","rel":"","context":"Article similaire","block_context":{"text":"Article similaire","link":""},"img":{"alt_text":"","src":"","width":0,"height":0},"classes":[]},{"id":7,"url":"https:\/\/dapi.ch\/ecole\/nous-contacter\/","url_meta":{"origin":498,"position":1},"title":"Nous contacter","author":"David Piot","date":"1 septembre 2016","format":false,"excerpt":"Classe Chantal Bovay \/ David PiotColl\u00e8ge de la Place d'ArmesSalle 2.03Quai de l'Ancienne Douane 11400 Yverdon-les-Bains david.piot(at)vd.educanet2.ch","rel":"","context":"Article similaire","block_context":{"text":"Article similaire","link":""},"img":{"alt_text":"","src":"","width":0,"height":0},"classes":[]},{"id":1017,"url":"https:\/\/dapi.ch\/ecole\/covid19\/","url_meta":{"origin":498,"position":2},"title":"COVID19","author":"David Piot","date":"16 ao\u00fbt 2020","format":false,"excerpt":"Durant la fermeture des \u00e9coles due au COVID19, les informations transitaient via le site Internet de la classe. Vous pouvez acc\u00e9der \u00e0 des suggestions d'activit\u00e9s g\u00e9n\u00e9rale ou aux archives des feuilles de route jour apr\u00e8s jour. Suggestions d'activit\u00e9s Archives feuilles de route","rel":"","context":"Article similaire","block_context":{"text":"Article similaire","link":""},"img":{"alt_text":"","src":"","width":0,"height":0},"classes":[]},{"id":998,"url":"https:\/\/dapi.ch\/ecole\/projet-obac\/","url_meta":{"origin":498,"position":3},"title":"Projet OBAC","author":"David Piot","date":"14 juillet 2020","format":false,"excerpt":"Suite \u00e0 un appel d'Educreators | B\u00e2tissons l'avenir, j'ai propos\u00e9 un projet nomm\u00e9 OBAC. Voici un lien vers la description du projet. Description du projet OBACT\u00e9l\u00e9charger Vous pouvez ici t\u00e9l\u00e9charger les deux travaux qui sont \u00e0 la base de ce projet : M\u00e9moire de Bachelor de David D'Ambrosio M\u00e9moire de\u2026","rel":"","context":"Article similaire","block_context":{"text":"Article similaire","link":""},"img":{"alt_text":"","src":"https:\/\/i0.wp.com\/dapi.ch\/ecole\/wp-content\/uploads\/2020\/07\/IMG_0880-scaled.jpg?resize=350%2C200&ssl=1","width":350,"height":200,"srcset":"https:\/\/i0.wp.com\/dapi.ch\/ecole\/wp-content\/uploads\/2020\/07\/IMG_0880-scaled.jpg?resize=350%2C200&ssl=1 1x, https:\/\/i0.wp.com\/dapi.ch\/ecole\/wp-content\/uploads\/2020\/07\/IMG_0880-scaled.jpg?resize=525%2C300&ssl=1 1.5x, https:\/\/i0.wp.com\/dapi.ch\/ecole\/wp-content\/uploads\/2020\/07\/IMG_0880-scaled.jpg?resize=700%2C400&ssl=1 2x, https:\/\/i0.wp.com\/dapi.ch\/ecole\/wp-content\/uploads\/2020\/07\/IMG_0880-scaled.jpg?resize=1050%2C600&ssl=1 3x, https:\/\/i0.wp.com\/dapi.ch\/ecole\/wp-content\/uploads\/2020\/07\/IMG_0880-scaled.jpg?resize=1400%2C800&ssl=1 4x"},"classes":[]},{"id":9,"url":"https:\/\/dapi.ch\/ecole\/liens\/","url_meta":{"origin":498,"position":4},"title":"Liens","author":"David Piot","date":"1 septembre 2016","format":false,"excerpt":"Voici quelques liens utiles \u00c9tablissement Primaire Edmond-Gilliard Service du JECOS (Jeunesse et coh\u00e9sion sociale) de la ville d'Yverdon","rel":"","context":"Article similaire","block_context":{"text":"Article similaire","link":""},"img":{"alt_text":"","src":"","width":0,"height":0},"classes":[]}],"_links":{"self":[{"href":"https:\/\/dapi.ch\/ecole\/wp-json\/wp\/v2\/pages\/498","targetHints":{"allow":["GET"]}}],"collection":[{"href":"https:\/\/dapi.ch\/ecole\/wp-json\/wp\/v2\/pages"}],"about":[{"href":"https:\/\/dapi.ch\/ecole\/wp-json\/wp\/v2\/types\/page"}],"author":[{"embeddable":true,"href":"https:\/\/dapi.ch\/ecole\/wp-json\/wp\/v2\/users\/1"}],"replies":[{"embeddable":true,"href":"https:\/\/dapi.ch\/ecole\/wp-json\/wp\/v2\/comments?post=498"}],"version-history":[{"count":71,"href":"https:\/\/dapi.ch\/ecole\/wp-json\/wp\/v2\/pages\/498\/revisions"}],"predecessor-version":[{"id":2427,"href":"https:\/\/dapi.ch\/ecole\/wp-json\/wp\/v2\/pages\/498\/revisions\/2427"}],"wp:attachment":[{"href":"https:\/\/dapi.ch\/ecole\/wp-json\/wp\/v2\/media?parent=498"}],"curies":[{"name":"wp","href":"https:\/\/api.w.org\/{rel}","templated":true}]}}